{"id":1164,"date":"2016-06-21T08:52:37","date_gmt":"2016-06-21T08:52:37","guid":{"rendered":"http:\/\/inwavethemes.com\/wordpress\/monalisa\/?page_id=4"},"modified":"2023-11-27T19:00:52","modified_gmt":"2023-11-27T19:00:52","slug":"home","status":"publish","type":"page","link":"https:\/\/www.atapuercarural.com\/","title":{"rendered":"Home"},"content":{"rendered":"<p>[vc_row iw_layout=\u00a0\u00bbwide-bg\u00a0\u00bb css=\u00a0\u00bb.vc_custom_1522346454272{padding-bottom: 40px !important;}\u00a0\u00bb][vc_column][vc_column_text]<\/p>\n<h1 style=\"text-align: center;\"><span style=\"color: #000000;\"><strong>5 maisons rurales dans la r\u00e9gion d&rsquo;Atapuerca, tout pr\u00e8s de Burgos<\/strong><\/span><\/h1>\n<p>&nbsp;<\/p>\n<h4 style=\"text-align: justify;\"><strong>Dites-nous <\/strong> quel type d&rsquo;h\u00e9bergement vous pr\u00e9f\u00e9rez: full house avec cuisine, avec service d\u00e9jeuner \/ d\u00eener, pour les chambres avec petit-d\u00e9jeuner, sur le Camino de Santiago, avec piscine, avec chambres familiales, etc. <\/h4>\n<h4 style = \"text-align: justify;\"> <strong> Nous vous r\u00e9pondrons <\/strong> avec la disponibilit\u00e9 et les options qui correspondent le mieux \u00e0 ces besoins dans chaque maison, puis &#8230;.. <strong> VOTRE Tu choisis<\/strong><\/h4>\n<p>[\/vc_column_text][vc_column_text]<\/p>\n<h1 style=\"text-align: center; font-size: 60px; line-height: 66px; font-weight: bold;\">Les 5 maisons d&rsquo;Atapuerca Rural<\/h1>\n<p>[\/vc_column_text][vc_row_inner][vc_column_inner width=\u00a0\u00bb2\/5&Prime;][vc_single_image image=\u00a0\u00bb1720&Prime; img_size=\u00a0\u00bb460&#215;250&Prime; onclick=\u00a0\u00bbcustom_link\u00a0\u00bb link=\u00a0\u00bbhttps:\/\/www.atapuercarural.com\/casa-rural-el-pesebre\/\u00a0\u00bb][vc_column_text]<\/p>\n<h3><strong><span style=\"color: #a4a016;\">El Pesebre de Atapuerca<\/span> ***<br \/>\n<\/strong><\/h3>\n<p style=\"text-align: justify;\">Dans le m\u00eame Atapuerca, Camino de Santiago \u00e0 20 km de Burgos. C&rsquo;est une authentique maison rurale restaur\u00e9e comme il y a 200 ans, avec <strong> 5 chambres 3 salles de bains <\/strong> salon et cuisine. Barbecue int\u00e9rieur. Id\u00e9al pour les groupes ou les p\u00e8lerins sur le Camino de Santiago. <a href=\"https:\/\/www.atapuercarural.com\/casa-rural-el-pesebre\/\"> En savoir plus &#8230;<\/a><\/p>\n<p>[\/vc_column_text][\/vc_column_inner][vc_column_inner width=\u00a0\u00bb1\/5&Prime;][\/vc_column_inner][vc_column_inner width=\u00a0\u00bb2\/5&Prime;][vc_single_image image=\u00a0\u00bb1710&Prime; img_size=\u00a0\u00bb460&#215;250&Prime; onclick=\u00a0\u00bbcustom_link\u00a0\u00bb link=\u00a0\u00bbhttps:\/\/www.atapuercarural.com\/casaruralelbrocal\/\u00a0\u00bb][vc_column_text]<\/p>\n<h3><strong><span style=\"color: #a4a016;\">El Brocal<\/span> ***<\/strong><\/h3>\n<p style=\"text-align: justify;\">Notre maison avec piscine. Il fonctionne comme des chambres avec petit-d\u00e9jeuner, service d\u00e9jeuner \/ d\u00eener en option, nous cuisinons juste pour vous (nous ne sommes pas un restaurant). <strong> Aussi <\/strong> il est possible d&rsquo;utiliser la cuisine ou toute la maison (nous contacter). \u00c0 Fresno de Rodilla, \u00e0 8 km d&rsquo;Atapuerca et \u00e0 20 km de la ville de Burgos <a href=\"https:\/\/www.atapuercarural.com\/casaruralelbrocal\/\"> En savoir plus &#8230;<\/a><\/p>\n<p>[\/vc_column_text][\/vc_column_inner][\/vc_row_inner][vc_row_inner][vc_column_inner width=\u00a0\u00bb2\/5&Prime;][vc_single_image image=\u00a0\u00bb1682&Prime; img_size=\u00a0\u00bb460&#215;250&Prime;][vc_column_text]<\/p>\n<h3><strong><span style=\"color: #a4a016;\">Los Olmos de Atapuerca<\/span> ***<br \/>\n<\/strong><\/h3>\n<p style=\"text-align: justify;\">Belle maison id\u00e9ale pour les groupes. Grande salle \u00e0 manger au rez-de-chauss\u00e9e. <strong> 5 chambres avec salle de bain <\/strong>, dont 3 triples ou quadruples spectaculaires avec possibilit\u00e9 de lits d&rsquo;appoint. Olmos de Atapuerca \u00e0 seulement 2 km d&rsquo;Atapuerca et \u00e0 15 km de la ville de Burgos <a href=\"https:\/\/www.atapuercarural.com\/casa-rural-los-olmos-de-atapuerca\/\"> En savoir plus &#8230;<\/a><\/p>\n<p>[\/vc_column_text][\/vc_column_inner][vc_column_inner width=\u00a0\u00bb1\/5&Prime;][\/vc_column_inner][vc_column_inner width=\u00a0\u00bb2\/5&Prime;][vc_column_text]<\/p>\n<p><a href=\"https:\/\/www.atapuercarural.com\/casa-rural-los-nomadas-de-atapuerca\/\"><img decoding=\"async\" class=\"alignnone wp-image-1960 size-full\" src=\"https:\/\/www.atapuercarural.com\/wp-content\/uploads\/2019\/11\/losnomadas.jpg\" alt=\"\" width=\"460\"><\/a><\/p>\n<p>[\/vc_column_text][vc_column_text]<\/p>\n<h3><strong><span style=\"color: #a4a016;\">Los N\u00f3madas de Atapuerca<\/span> ***<br \/>\n<\/strong><\/h3>\n<p style=\"text-align: justify;\">Dans le m\u00eame Atapuerca, Camino de Santiago \u00e0 20 km de Burgos. R\u00e9nov\u00e9 en septembre 2019, avec <strong> &#038; nbsp; 4 chambres <\/strong> dont une triple, <strong> 3 salles de bains, <\/strong> salon avec chemin\u00e9e et cuisine \u00e9quip\u00e9e. Jardin avec table et bancs, barbecue. Id\u00e9al pour les groupes ou les p\u00e8lerins sur le Camino de Santiago. <a href=\"https:\/\/www.atapuercarural.com\/casa-rural-los-nomadas-de-atapuerca\/\"> En savoir plus &#8230;<\/a><\/p>\n<p>[\/vc_column_text][\/vc_column_inner][\/vc_row_inner][vc_row_inner][vc_column_inner width=\u00a0\u00bb2\/5&Prime;][vc_single_image image=\u00a0\u00bb1721&Prime; img_size=\u00a0\u00bb460&#215;250&Prime; onclick=\u00a0\u00bbcustom_link\u00a0\u00bb link=\u00a0\u00bbhttps:\/\/www.atapuercarural.com\/casa-rural-la-pedraja-de-atapuerca\/\u00a0\u00bb][vc_column_text]<\/p>\n<h3><strong><span style=\"color: #a4a016;\">La Pedraja de Atapuerca<\/span> ***<br \/>\n<\/strong><\/h3>\n<p style=\"text-align: justify;\">Id\u00e9al pour les groupes. \u00c0 seulement 8 km d&rsquo;Atapuerca et 22 de la ville de Burgos. <strong> 5 chambres avec salle de bain <\/strong>, 2 d&rsquo;entre elles sont triples, avec possibilit\u00e9 de lits d&rsquo;appoint, jardin priv\u00e9 devant la maison, dans une ville calme, Galarde, d\u00e9j\u00e0 dans la montagne de La Pedraja avec une vue incroyable sur la Sierra de la Demanda. Environnement naturel imbattable <a href=\"https:\/\/www.atapuercarural.com\/casa-rural-la-pedraja-de-atapuerca\/\"> En savoir plus &#8230;<\/a><\/p>\n<p>[\/vc_column_text][\/vc_column_inner][vc_column_inner width=\u00a0\u00bb1\/5&Prime;][\/vc_column_inner][vc_column_inner width=\u00a0\u00bb2\/5&Prime;][\/vc_column_inner][\/vc_row_inner][\/vc_column][\/vc_row][vc_section css=\u00a0\u00bb.vc_custom_1613241194534{background-image: url(https:\/\/www.atapuercarural.com\/wp-content\/uploads\/2016\/06\/bg-img.jpg?id=109) !important;}\u00a0\u00bb][vc_row iw_layout=\u00a0\u00bbwide-bg\u00a0\u00bb][vc_column width=\u00a0\u00bb2\/5&Prime;]<div class=\"iw-heading  style2 \" style=\"\"><div class=\"iwh-sub-title\" style=\"\"><span>Atapuerca rural<\/span><\/div><h3 class=\"iwh-title\" style=\"margin-bottom: 60px\">Que ver y que hacer<\/h3><\/div>[\/vc_column][vc_column width=\u00a0\u00bb3\/5&Prime; css=\u00a0\u00bb.vc_custom_1613239708648{margin-top: -25px !important;}\u00a0\u00bb][vc_column_text css=\u00a0\u00bb.vc_custom_1613239644065{padding-left: 30px !important;}\u00a0\u00bb]<\/p>\n<h3><strong><span style=\"color: #a4a016;\">Notre sp\u00e9cialit\u00e9<\/span><\/strong><\/h3>\n<p style=\"text-align: justify;\">Guidez nos clients dans le choix de \u00abquoi voir et faire\u00bb pour que votre visite soit une v\u00e9ritable exp\u00e9rience. <\/p>\n<p style = \"text-align: justify;\"> Nos maisons sont situ\u00e9es dans un endroit parfait pour que vous ne manquiez de rien. Bien centr\u00e9 sur la carte de Burgos, avec de bonnes communications avec n&rsquo;importe quelle partie de la province, avec des informations touristiques conseill\u00e9es. <\/p>\n<p style = \"text-align: justify;\"> Nous vous aidons \u00e9galement avec les r\u00e9servations de l&rsquo;une des activit\u00e9s dans l&rsquo;environnement: Atapuerca, Carex, Mina Esperanza, Paleolitico Vivo, Art Terra, etc. etc.<\/p>\n<p>[\/vc_column_text][\/vc_column][\/vc_row][vc_row][vc_column width=\u00a0\u00bb1\/6&Prime;][\/vc_column][vc_column width=\u00a0\u00bb2\/3&Prime;][vc_basic_grid post_type=\u00a0\u00bbpost\u00a0\u00bb max_items=\u00a0\u00bb\u00a0\u00bb element_width=\u00a0\u00bb3&Prime; gap=\u00a0\u00bb35&Prime; item=\u00a0\u00bbbasicGrid_SlideBottomWithIcon\u00a0\u00bb initial_loading_animation=\u00a0\u00bbnone\u00a0\u00bb grid_id=\u00a0\u00bbvc_gid:1615921153697-58298415-352b-5&Prime; taxonomies=\u00a0\u00bb88&Prime;][\/vc_column][vc_column width=\u00a0\u00bb1\/6&Prime;][\/vc_column][\/vc_row][\/vc_section][vc_row iw_layout=\u00a0\u00bbwide-bg\u00a0\u00bb css=\u00a0\u00bb.vc_custom_1613318549889{margin-top: 60px !important;padding-bottom: 60px !important;}\u00a0\u00bb][vc_column]<div class=\"iw-heading  style1 vc_custom_1614606839135 text-center\" style=\"width: 100%\"><div class=\"iwh-sub-title\" style=\"\">D\u00e9couvrir<\/div><h3 class=\"iwh-title\" style=\"font-size: 60px\">Nouvelles dans notre blog<\/h3><\/div>[vc_basic_grid post_type=\u00a0\u00bbpost\u00a0\u00bb max_items=\u00a0\u00bb3&Prime; gap=\u00a0\u00bb35&Prime; initial_loading_animation=\u00a0\u00bbnone\u00a0\u00bb grid_id=\u00a0\u00bbvc_gid:1615921153702-af76cb25-14bd-7&Prime; taxonomies=\u00a0\u00bb64&Prime;][\/vc_column][\/vc_row][vc_row iw_layout=\u00a0\u00bbwide-bg\u00a0\u00bb][vc_column]<div class=\"iw-heading  style1 vc_custom_1614800318832 text-center\" style=\"width: 100%\"><div class=\"iwh-sub-title\" style=\"\">D\u00e9couvrir<\/div><h3 class=\"iwh-title\" style=\"font-size: 60px\">Nuestro Instagram<\/h3><\/div>[vc_raw_html]JTVCaW5zdGFncmFtJTIwZmVlZCUzRCUyMjI4MTYlMjIlNUQ=[\/vc_raw_html][\/vc_column][\/vc_row][vc_row iw_layout=\u00a0\u00bbwide-content\u00a0\u00bb css=\u00a0\u00bb.vc_custom_1613241391398{background-image: url(https:\/\/www.atapuercarural.com\/wp-content\/uploads\/2016\/06\/bg-img.jpg?id=109) !important;}\u00a0\u00bb][vc_column width=\u00a0\u00bb7\/12&Prime; css=\u00a0\u00bb.vc_custom_1613241520157{margin-top: 20px !important;}\u00a0\u00bb][vc_raw_html]JTNDaWZyYW1lJTIwd2lkdGglM0QlMjIxMDAlMjUlMjIlMjBoZWlnaHQlM0QlMjI0ODAlMjIlMjBmcmFtZWJvcmRlciUzRCUyMjAlMjIlMjBzcmMlM0QlMjJodHRwcyUzQSUyRiUyRndpZGdldHMuc2NyaWJibGVtYXBzLmNvbSUyRnNtJTJGJTNGZCUyNnolMjZvbCUyNmwlMjZtYyUyNmxhdCUzRDQyLjM3OTUwMjA1OSUyNmxuZyUzRC0zLjQ2MTczNDA0OCUyNnZ6JTNEMTMlMjZ0eXBlJTNEbWJiX3NhdGVsbGl0ZSUyNnMlMjZ3aWR0aCUzRDU1MCUyNmhlaWdodCUzRDQ4MCUyNmlkJTNEZm9xeFdMMVRFMSUyMiUyMHN0eWxlJTNEJTIyYm9yZGVyJTNBMCUzQiUyMG1heC13aWR0aCUzQSUyMDEwMCUyNSUzQiUyMiUyMGFsbG93ZnVsbHNjcmVlbiUyMGFsbG93JTNEJTIyZ2VvbG9jYXRpb24lMjIlMjBsb2FkaW5nJTNEJTIybGF6eSUyMiUzRSUzQyUyRmlmcmFtZSUzRQ==[\/vc_raw_html][\/vc_column][vc_column width=\u00a0\u00bb5\/12&Prime; css=\u00a0\u00bb.vc_custom_1613241510884{margin-top: 20px !important;padding-right: 70px !important;padding-left: 70px !important;}\u00a0\u00bb]<div class=\"iw-heading  style2 vc_custom_1613240050825\" style=\"width: 100%\"><div class=\"iwh-sub-title\" style=\"\"><span>Pour plus d'informations<\/span><\/div><h3 class=\"iwh-title\" style=\"font-size: 60px\">Nous contacter<\/h3><\/div>[vc_column_text]<\/p>\n<div class=\"contact-address\">\n<h1 class=\"city\"><span class=\"black-color\">Atapuerca&nbsp;<\/span><span class=\"light-gray-color\" style=\"color: #999999;\">rural<\/span><\/h1>\n<h3><span class=\"black-color label\" style=\"color: #a4a016;\">info@atapuercarural.com<\/span><\/h3>\n<div class=\"phone\">\n<h3 class=\"gray-color\"><span style=\"color: #999999;\">T\u00e9l\u00e9phones<\/span><\/h3>\n<div class=\"phone-number black-color\">\n<div class=\"contact\">+34 610 564 147<\/div>\n<div class=\"contact\">+34 645 109 032<\/div>\n<div class=\"social-link\"><\/div>\n<\/div>\n<\/div>\n<\/div>\n<p>[\/vc_column_text][\/vc_column][\/vc_row][vc_row][vc_column][vc_column_text]<\/p>\n<p>[\/vc_column_text][\/vc_column][\/vc_row]<\/p>\n","protected":false},"excerpt":{"rendered":"<p>[vc_row iw_layout=\u00a0\u00bbwide-bg\u00a0\u00bb css=\u00a0\u00bb.vc_custom_1522346454272{padding-bottom: 40px !important;}\u00a0\u00bb][vc_column][vc_column_text] 5 maisons rurales dans la r\u00e9gion d&rsquo;Atapuerca, tout pr\u00e8s de Burgos &nbsp; Dites-nous quel type d&rsquo;h\u00e9bergement vous pr\u00e9f\u00e9rez: full house avec cuisine, avec service d\u00e9jeuner \/ d\u00eener, pour les chambres avec petit-d\u00e9jeuner, sur le Camino de Santiago, avec piscine, avec chambres familiales, etc. Nous vous r\u00e9pondrons avec la disponibilit\u00e9 et [&hellip;]<\/p>\n","protected":false},"author":1,"featured_media":0,"parent":0,"menu_order":1,"comment_status":"closed","ping_status":"closed","template":"page-templates\/full-with.php","meta":[],"yoast_head":"<!-- This site is optimized with the Yoast SEO plugin v21.1 - https:\/\/yoast.com\/wordpress\/plugins\/seo\/ -->\n<title>Home<\/title>\n<meta name=\"description\" content=\"[vc_row iw_layout=&quot;wide-bg&quot; css=&quot;.vc_custom_1522346454272{padding-bottom: 40px !important;}&quot;][vc_column][vc_column_text] 5 maisons rurales dans la r\u00e9gion d&#039;Atapuerca, tout pr\u00e8s de Burgos &nbsp; Dites-nous quel type d&#039;h\u00e9bergement vous pr\u00e9f\u00e9rez: full house avec cuisine, avec service d\u00e9jeuner \/ d\u00eener, pour les chambres avec petit-d\u00e9jeuner, sur le Camino de Santiago, avec piscine, avec chambres familiales, etc. Nous vous r\u00e9pondrons avec la disponibilit\u00e9 et&hellip;\" \/>\n<meta name=\"robots\" content=\"index, follow, max-snippet:-1, max-image-preview:large, max-video-preview:-1\" \/>\n<link rel=\"canonical\" href=\"https:\/\/www.atapuercarural.com\/\" \/>\n<meta property=\"og:locale\" content=\"fr_FR\" \/>\n<meta property=\"og:type\" content=\"article\" \/>\n<meta property=\"og:title\" content=\"Home\" \/>\n<meta property=\"og:description\" content=\"[vc_row iw_layout=&quot;wide-bg&quot; css=&quot;.vc_custom_1522346454272{padding-bottom: 40px !important;}&quot;][vc_column][vc_column_text] 5 maisons rurales dans la r\u00e9gion d&#039;Atapuerca, tout pr\u00e8s de Burgos &nbsp; Dites-nous quel type d&#039;h\u00e9bergement vous pr\u00e9f\u00e9rez: full house avec cuisine, avec service d\u00e9jeuner \/ d\u00eener, pour les chambres avec petit-d\u00e9jeuner, sur le Camino de Santiago, avec piscine, avec chambres familiales, etc. Nous vous r\u00e9pondrons avec la disponibilit\u00e9 et&hellip;\" \/>\n<meta property=\"og:url\" content=\"https:\/\/www.atapuercarural.com\/\" \/>\n<meta property=\"article:modified_time\" content=\"2023-11-27T19:00:52+00:00\" \/>\n<meta property=\"og:image\" content=\"https:\/\/www.atapuercarural.com\/wp-content\/uploads\/2019\/11\/losnomadas.jpg\" \/>\n<meta name=\"twitter:card\" content=\"summary_large_image\" \/>\n<meta name=\"twitter:label1\" content=\"Dur\u00e9e de lecture est.\" \/>\n\t<meta name=\"twitter:data1\" content=\"4 minutes\" \/>\n<script type=\"application\/ld+json\" class=\"yoast-schema-graph\">{\"@context\":\"https:\/\/schema.org\",\"@graph\":[{\"@type\":\"WebPage\",\"@id\":\"https:\/\/www.atapuercarural.com\/\",\"url\":\"https:\/\/www.atapuercarural.com\/\",\"name\":\"Casas rurales en atapuerca. Turismo rural burgos\",\"isPartOf\":{\"@id\":\"https:\/\/www.atapuercarural.com\/#website\"},\"datePublished\":\"2016-06-21T08:52:37+00:00\",\"dateModified\":\"2023-11-27T19:00:52+00:00\",\"description\":\"Las mejores casas rurales para conocer Burgos, Atapuerca, el Camino de Santiago o disfrutar de la tranquilidad de peque\u00f1os pueblos a solo 20km de Burgos.\",\"inLanguage\":\"fr-BE\",\"potentialAction\":[{\"@type\":\"ReadAction\",\"target\":[\"https:\/\/www.atapuercarural.com\/\"]}]},{\"@type\":\"WebSite\",\"@id\":\"https:\/\/www.atapuercarural.com\/#website\",\"url\":\"https:\/\/www.atapuercarural.com\/\",\"name\":\"\",\"description\":\"Les meilleures maisons rurales pour conna\u00eetre Burgos, Atapuerca, le Camino de Santiago ou profiter de la tranquillit\u00e9 des petites villes \u00e0 seulement 20 km de Burgos\",\"potentialAction\":[{\"@type\":\"SearchAction\",\"target\":{\"@type\":\"EntryPoint\",\"urlTemplate\":\"https:\/\/www.atapuercarural.com\/?s={search_term_string}\"},\"query-input\":\"required name=search_term_string\"}],\"inLanguage\":\"fr-BE\"}]}<\/script>\n<!-- \/ Yoast SEO plugin. -->","yoast_head_json":{"title":"Home","description":"[vc_row iw_layout=\"wide-bg\" css=\".vc_custom_1522346454272{padding-bottom: 40px !important;}\"][vc_column][vc_column_text] 5 maisons rurales dans la r\u00e9gion d'Atapuerca, tout pr\u00e8s de Burgos &nbsp; Dites-nous quel type d'h\u00e9bergement vous pr\u00e9f\u00e9rez: full house avec cuisine, avec service d\u00e9jeuner \/ d\u00eener, pour les chambres avec petit-d\u00e9jeuner, sur le Camino de Santiago, avec piscine, avec chambres familiales, etc. Nous vous r\u00e9pondrons avec la disponibilit\u00e9 et&hellip;","robots":{"index":"index","follow":"follow","max-snippet":"max-snippet:-1","max-image-preview":"max-image-preview:large","max-video-preview":"max-video-preview:-1"},"canonical":"https:\/\/www.atapuercarural.com\/","og_locale":"fr_FR","og_type":"article","og_title":"Home","og_description":"[vc_row iw_layout=\"wide-bg\" css=\".vc_custom_1522346454272{padding-bottom: 40px !important;}\"][vc_column][vc_column_text] 5 maisons rurales dans la r\u00e9gion d'Atapuerca, tout pr\u00e8s de Burgos &nbsp; Dites-nous quel type d'h\u00e9bergement vous pr\u00e9f\u00e9rez: full house avec cuisine, avec service d\u00e9jeuner \/ d\u00eener, pour les chambres avec petit-d\u00e9jeuner, sur le Camino de Santiago, avec piscine, avec chambres familiales, etc. Nous vous r\u00e9pondrons avec la disponibilit\u00e9 et&hellip;","og_url":"https:\/\/www.atapuercarural.com\/","article_modified_time":"2023-11-27T19:00:52+00:00","og_image":[{"url":"https:\/\/www.atapuercarural.com\/wp-content\/uploads\/2019\/11\/losnomadas.jpg"}],"twitter_card":"summary_large_image","twitter_misc":{"Dur\u00e9e de lecture est.":"4 minutes"},"schema":{"@context":"https:\/\/schema.org","@graph":[{"@type":"WebPage","@id":"https:\/\/www.atapuercarural.com\/","url":"https:\/\/www.atapuercarural.com\/","name":"Casas rurales en atapuerca. Turismo rural burgos","isPartOf":{"@id":"https:\/\/www.atapuercarural.com\/#website"},"datePublished":"2016-06-21T08:52:37+00:00","dateModified":"2023-11-27T19:00:52+00:00","description":"Las mejores casas rurales para conocer Burgos, Atapuerca, el Camino de Santiago o disfrutar de la tranquilidad de peque\u00f1os pueblos a solo 20km de Burgos.","inLanguage":"fr-BE","potentialAction":[{"@type":"ReadAction","target":["https:\/\/www.atapuercarural.com\/"]}]},{"@type":"WebSite","@id":"https:\/\/www.atapuercarural.com\/#website","url":"https:\/\/www.atapuercarural.com\/","name":"","description":"Les meilleures maisons rurales pour conna\u00eetre Burgos, Atapuerca, le Camino de Santiago ou profiter de la tranquillit\u00e9 des petites villes \u00e0 seulement 20 km de Burgos","potentialAction":[{"@type":"SearchAction","target":{"@type":"EntryPoint","urlTemplate":"https:\/\/www.atapuercarural.com\/?s={search_term_string}"},"query-input":"required name=search_term_string"}],"inLanguage":"fr-BE"}]}},"_links":{"self":[{"href":"https:\/\/www.atapuercarural.com\/wp-json\/wp\/v2\/pages\/1164"}],"collection":[{"href":"https:\/\/www.atapuercarural.com\/wp-json\/wp\/v2\/pages"}],"about":[{"href":"https:\/\/www.atapuercarural.com\/wp-json\/wp\/v2\/types\/page"}],"author":[{"embeddable":true,"href":"https:\/\/www.atapuercarural.com\/wp-json\/wp\/v2\/users\/1"}],"replies":[{"embeddable":true,"href":"https:\/\/www.atapuercarural.com\/wp-json\/wp\/v2\/comments?post=1164"}],"version-history":[{"count":247,"href":"https:\/\/www.atapuercarural.com\/wp-json\/wp\/v2\/pages\/1164\/revisions"}],"predecessor-version":[{"id":18216,"href":"https:\/\/www.atapuercarural.com\/wp-json\/wp\/v2\/pages\/1164\/revisions\/18216"}],"wp:attachment":[{"href":"https:\/\/www.atapuercarural.com\/wp-json\/wp\/v2\/media?parent=1164"}],"curies":[{"name":"wp","href":"https:\/\/api.w.org\/{rel}","templated":true}]}}