{"id":222,"date":"2016-07-01T07:58:42","date_gmt":"2016-07-01T07:58:42","guid":{"rendered":"http:\/\/inwavethemes.com\/wordpress\/monalisa\/?page_id=222"},"modified":"2021-03-11T06:44:40","modified_gmt":"2021-03-11T06:44:40","slug":"blog","status":"publish","type":"page","link":"https:\/\/www.atapuercarural.com\/blog\/","title":{"rendered":"Blog"},"content":{"rendered":"<p>[vc_row iw_layout=\u00a0\u00bbwide-bg\u00a0\u00bb][vc_column width=\u00a0\u00bb2\/3&Prime;][vc_basic_grid post_type=\u00a0\u00bbpost\u00a0\u00bb max_items=\u00a0\u00bb10&Prime; show_filter=\u00a0\u00bbyes\u00a0\u00bb element_width=\u00a0\u00bb6&Prime; item=\u00a0\u00bbbasicGrid_SlideBottomWithIcon\u00a0\u00bb initial_loading_animation=\u00a0\u00bbnone\u00a0\u00bb grid_id=\u00a0\u00bbvc_gid:1615445055609-816d5c49-ff60-0&Prime; filter_source=\u00a0\u00bbcategory\u00a0\u00bb taxonomies=\u00a0\u00bb64&Prime;][\/vc_column][vc_column width=\u00a0\u00bb1\/3&Prime;][vc_wp_posts number=\u00a0\u00bb5&Prime; show_date=\u00a0\u00bb1&Prime;][\/vc_column][\/vc_row]<\/p>\n","protected":false},"excerpt":{"rendered":"<p>[vc_row iw_layout=\u00a0\u00bbwide-bg\u00a0\u00bb][vc_column width=\u00a0\u00bb2\/3&Prime;][vc_basic_grid post_type=\u00a0\u00bbpost\u00a0\u00bb max_items=\u00a0\u00bb10&Prime; show_filter=\u00a0\u00bbyes\u00a0\u00bb element_width=\u00a0\u00bb6&Prime; item=\u00a0\u00bbbasicGrid_SlideBottomWithIcon\u00a0\u00bb initial_loading_animation=\u00a0\u00bbnone\u00a0\u00bb grid_id=\u00a0\u00bbvc_gid:1615445055609-816d5c49-ff60-0&Prime; filter_source=\u00a0\u00bbcategory\u00a0\u00bb taxonomies=\u00a0\u00bb64&Prime;][\/vc_column][vc_column width=\u00a0\u00bb1\/3&Prime;][vc_wp_posts number=\u00a0\u00bb5&Prime; show_date=\u00a0\u00bb1&Prime;][\/vc_column][\/vc_row]<\/p>\n","protected":false},"author":1,"featured_media":0,"parent":0,"menu_order":5,"comment_status":"closed","ping_status":"closed","template":"","meta":[],"yoast_head":"<!-- This site is optimized with the Yoast SEO plugin v21.1 - https:\/\/yoast.com\/wordpress\/plugins\/seo\/ -->\n<title>Blog<\/title>\n<meta name=\"description\" content=\"[vc_row iw_layout=&quot;wide-bg&quot;][vc_column width=&quot;2\/3&quot;][vc_basic_grid post_type=&quot;post&quot; max_items=&quot;10&quot; show_filter=&quot;yes&quot; element_width=&quot;6&quot; item=&quot;basicGrid_SlideBottomWithIcon&quot; initial_loading_animation=&quot;none&quot; grid_id=&quot;vc_gid:1615445055609-816d5c49-ff60-0&quot; filter_source=&quot;category&quot; taxonomies=&quot;64&quot;][\/vc_column][vc_column width=&quot;1\/3&quot;][vc_wp_posts number=&quot;5&quot; show_date=&quot;1&quot;][\/vc_column][\/vc_row]\" \/>\n<meta name=\"robots\" content=\"index, follow, max-snippet:-1, max-image-preview:large, max-video-preview:-1\" \/>\n<link rel=\"canonical\" href=\"https:\/\/www.atapuercarural.com\/blog\/\" \/>\n<meta property=\"og:locale\" content=\"fr_FR\" \/>\n<meta property=\"og:type\" content=\"article\" \/>\n<meta property=\"og:title\" content=\"Blog\" \/>\n<meta property=\"og:description\" content=\"[vc_row iw_layout=&quot;wide-bg&quot;][vc_column width=&quot;2\/3&quot;][vc_basic_grid post_type=&quot;post&quot; max_items=&quot;10&quot; show_filter=&quot;yes&quot; element_width=&quot;6&quot; item=&quot;basicGrid_SlideBottomWithIcon&quot; initial_loading_animation=&quot;none&quot; grid_id=&quot;vc_gid:1615445055609-816d5c49-ff60-0&quot; filter_source=&quot;category&quot; taxonomies=&quot;64&quot;][\/vc_column][vc_column width=&quot;1\/3&quot;][vc_wp_posts number=&quot;5&quot; show_date=&quot;1&quot;][\/vc_column][\/vc_row]\" \/>\n<meta property=\"og:url\" content=\"https:\/\/www.atapuercarural.com\/blog\/\" \/>\n<meta property=\"article:modified_time\" content=\"2021-03-11T06:44:40+00:00\" \/>\n<meta name=\"twitter:card\" content=\"summary_large_image\" \/>\n<meta name=\"twitter:label1\" content=\"Dur\u00e9e de lecture est.\" \/>\n\t<meta name=\"twitter:data1\" content=\"1 minute\" \/>\n<script type=\"application\/ld+json\" class=\"yoast-schema-graph\">{\"@context\":\"https:\/\/schema.org\",\"@graph\":[{\"@type\":\"WebPage\",\"@id\":\"https:\/\/www.atapuercarural.com\/blog\/\",\"url\":\"https:\/\/www.atapuercarural.com\/blog\/\",\"name\":\"Blog -\",\"isPartOf\":{\"@id\":\"https:\/\/www.atapuercarural.com\/#website\"},\"datePublished\":\"2016-07-01T07:58:42+00:00\",\"dateModified\":\"2021-03-11T06:44:40+00:00\",\"inLanguage\":\"fr-BE\",\"potentialAction\":[{\"@type\":\"ReadAction\",\"target\":[\"https:\/\/www.atapuercarural.com\/blog\/\"]}]},{\"@type\":\"WebSite\",\"@id\":\"https:\/\/www.atapuercarural.com\/#website\",\"url\":\"https:\/\/www.atapuercarural.com\/\",\"name\":\"\",\"description\":\"Les meilleures maisons rurales pour conna\u00eetre Burgos, Atapuerca, le Camino de Santiago ou profiter de la tranquillit\u00e9 des petites villes \u00e0 seulement 20 km de Burgos\",\"potentialAction\":[{\"@type\":\"SearchAction\",\"target\":{\"@type\":\"EntryPoint\",\"urlTemplate\":\"https:\/\/www.atapuercarural.com\/?s={search_term_string}\"},\"query-input\":\"required name=search_term_string\"}],\"inLanguage\":\"fr-BE\"}]}<\/script>\n<!-- \/ Yoast SEO plugin. -->","yoast_head_json":{"title":"Blog","description":"[vc_row iw_layout=\"wide-bg\"][vc_column width=\"2\/3\"][vc_basic_grid post_type=\"post\" max_items=\"10\" show_filter=\"yes\" element_width=\"6\" item=\"basicGrid_SlideBottomWithIcon\" initial_loading_animation=\"none\" grid_id=\"vc_gid:1615445055609-816d5c49-ff60-0\" filter_source=\"category\" taxonomies=\"64\"][\/vc_column][vc_column width=\"1\/3\"][vc_wp_posts number=\"5\" show_date=\"1\"][\/vc_column][\/vc_row]","robots":{"index":"index","follow":"follow","max-snippet":"max-snippet:-1","max-image-preview":"max-image-preview:large","max-video-preview":"max-video-preview:-1"},"canonical":"https:\/\/www.atapuercarural.com\/blog\/","og_locale":"fr_FR","og_type":"article","og_title":"Blog","og_description":"[vc_row iw_layout=\"wide-bg\"][vc_column width=\"2\/3\"][vc_basic_grid post_type=\"post\" max_items=\"10\" show_filter=\"yes\" element_width=\"6\" item=\"basicGrid_SlideBottomWithIcon\" initial_loading_animation=\"none\" grid_id=\"vc_gid:1615445055609-816d5c49-ff60-0\" filter_source=\"category\" taxonomies=\"64\"][\/vc_column][vc_column width=\"1\/3\"][vc_wp_posts number=\"5\" show_date=\"1\"][\/vc_column][\/vc_row]","og_url":"https:\/\/www.atapuercarural.com\/blog\/","article_modified_time":"2021-03-11T06:44:40+00:00","twitter_card":"summary_large_image","twitter_misc":{"Dur\u00e9e de lecture est.":"1 minute"},"schema":{"@context":"https:\/\/schema.org","@graph":[{"@type":"WebPage","@id":"https:\/\/www.atapuercarural.com\/blog\/","url":"https:\/\/www.atapuercarural.com\/blog\/","name":"Blog -","isPartOf":{"@id":"https:\/\/www.atapuercarural.com\/#website"},"datePublished":"2016-07-01T07:58:42+00:00","dateModified":"2021-03-11T06:44:40+00:00","inLanguage":"fr-BE","potentialAction":[{"@type":"ReadAction","target":["https:\/\/www.atapuercarural.com\/blog\/"]}]},{"@type":"WebSite","@id":"https:\/\/www.atapuercarural.com\/#website","url":"https:\/\/www.atapuercarural.com\/","name":"","description":"Les meilleures maisons rurales pour conna\u00eetre Burgos, Atapuerca, le Camino de Santiago ou profiter de la tranquillit\u00e9 des petites villes \u00e0 seulement 20 km de Burgos","potentialAction":[{"@type":"SearchAction","target":{"@type":"EntryPoint","urlTemplate":"https:\/\/www.atapuercarural.com\/?s={search_term_string}"},"query-input":"required name=search_term_string"}],"inLanguage":"fr-BE"}]}},"_links":{"self":[{"href":"https:\/\/www.atapuercarural.com\/wp-json\/wp\/v2\/pages\/222"}],"collection":[{"href":"https:\/\/www.atapuercarural.com\/wp-json\/wp\/v2\/pages"}],"about":[{"href":"https:\/\/www.atapuercarural.com\/wp-json\/wp\/v2\/types\/page"}],"author":[{"embeddable":true,"href":"https:\/\/www.atapuercarural.com\/wp-json\/wp\/v2\/users\/1"}],"replies":[{"embeddable":true,"href":"https:\/\/www.atapuercarural.com\/wp-json\/wp\/v2\/comments?post=222"}],"version-history":[{"count":22,"href":"https:\/\/www.atapuercarural.com\/wp-json\/wp\/v2\/pages\/222\/revisions"}],"predecessor-version":[{"id":3251,"href":"https:\/\/www.atapuercarural.com\/wp-json\/wp\/v2\/pages\/222\/revisions\/3251"}],"wp:attachment":[{"href":"https:\/\/www.atapuercarural.com\/wp-json\/wp\/v2\/media?parent=222"}],"curies":[{"name":"wp","href":"https:\/\/api.w.org\/{rel}","templated":true}]}}