{"id":376,"date":"2016-07-07T02:23:07","date_gmt":"2016-07-07T02:23:07","guid":{"rendered":"http:\/\/inwavethemes.com\/wordpress\/monalisa\/?page_id=376"},"modified":"2021-03-01T14:12:32","modified_gmt":"2021-03-01T14:12:32","slug":"contactar","status":"publish","type":"page","link":"https:\/\/www.atapuercarural.com\/contactar\/","title":{"rendered":"Contactar"},"content":{"rendered":"<p>[vc_row][vc_column][vc_empty_space height=\u00a0\u00bb80px\u00a0\u00bb][\/vc_column][\/vc_row][vc_row iw_layout=\u00a0\u00bbwide-bg\u00a0\u00bb][vc_column width=\u00a0\u00bb2\/5&Prime;]<div class=\"iw-heading  style2 \" style=\"width: 100%\"><h3 class=\"iwh-title\" style=\"\">Informations de contact<\/h3><div class=\"iwh-description\" style=\"\">Nous avons une large gamme d'h\u00e9bergements dans la r\u00e9gion d'Atapuerca - Burgos, laissez-nous vous expliquer, contactez-nous ou envoyez-nous un email. Vous recevrez une r\u00e9ponse dans les plus brefs d\u00e9lais.<\/div><\/div>[\/vc_column][vc_column width=\u00a0\u00bb3\/5&Prime;]<div class=\"iw-contact-details\"><div class=\"title-block\"><h3 class=\"title\"><\/h3><div class=\"description\"><\/div><\/div><div class=\"contact-item row\"><div class=\"iw-contact-item col-md-6 col-sm-6 col-xs-12\"><div class=\"contact-item-inner\"><div class=\"icon\"><i class=\"ion-iphone\"><\/i><\/div><h3 class=\"title\">T\u00e9l\u00e9phone<\/h3><div class=\"description\">(+34) 610 564 147 <\/br>       \n(+34) 645 109 032 <\/br>\nWhatsApp activo en los 2 n\u00fameros<\/div><\/div><\/div><div class=\"iw-contact-item col-md-6 col-sm-6 col-xs-12\"><div class=\"contact-item-inner\"><div class=\"icon\"><i class=\"ion-ios-email-outline\"><\/i><\/div><h3 class=\"title\">Email<\/h3><div class=\"description\">info@atapuercarural.com<\/div><\/div><\/div><\/div><\/div>[\/vc_column][\/vc_row][vc_row iw_layout=\u00a0\u00bbwide-bg\u00a0\u00bb css=\u00a0\u00bb.vc_custom_1614607412592{background-color: #f4f4f4 !important;}\u00a0\u00bb][vc_column]<div class=\"iw-heading  style1  text-center\" style=\"width: 100%\"><h3 class=\"iwh-title\" style=\"font-size: 35px\">Formulaire de contact<\/h3><\/div>\n<div class=\"wpcf7 no-js\" id=\"wpcf7-f1343-o1\" lang=\"en-US\" dir=\"ltr\">\n<div class=\"screen-reader-response\"><p role=\"status\" aria-live=\"polite\" aria-atomic=\"true\"><\/p> <ul><\/ul><\/div>\n<form action=\"\/fr\/wp-json\/wp\/v2\/pages\/376#wpcf7-f1343-o1\" method=\"post\" class=\"wpcf7-form init\" aria-label=\"Contact form\" novalidate=\"novalidate\" data-status=\"init\">\n<div style=\"display: none;\">\n<input type=\"hidden\" name=\"_wpcf7\" value=\"1343\" \/>\n<input type=\"hidden\" name=\"_wpcf7_version\" value=\"5.7.7\" \/>\n<input type=\"hidden\" name=\"_wpcf7_locale\" value=\"en_US\" \/>\n<input type=\"hidden\" name=\"_wpcf7_unit_tag\" value=\"wpcf7-f1343-o1\" \/>\n<input type=\"hidden\" name=\"_wpcf7_container_post\" value=\"0\" \/>\n<input type=\"hidden\" name=\"_wpcf7_posted_data_hash\" value=\"\" \/>\n<\/div>\n<div class=\"contact-form\">\n\t<div class=\"form-wrap\">\n\t\t<div class=\"row\">\n\t\t\t<div class=\"col-sm-4\">\n\t\t\t\t<p>Nombre<span class=\"wpcf7-form-control-wrap\" data-name=\"your-name\"><input size=\"40\" class=\"wpcf7-form-control wpcf7-text wpcf7-validates-as-required\" aria-required=\"true\" aria-invalid=\"false\" placeholder=\"Escribe tu nombre...\" value=\"\" type=\"text\" name=\"your-name\" \/><\/span>\n\t\t\t\t<\/p>\n\t\t\t<\/div>\n\t\t\t<div class=\"col-sm-4\">\n\t\t\t\t<p>E-mail<span class=\"wpcf7-form-control-wrap\" data-name=\"email\"><input size=\"40\" class=\"wpcf7-form-control wpcf7-text wpcf7-email wpcf7-validates-as-required wpcf7-validates-as-email\" aria-required=\"true\" aria-invalid=\"false\" placeholder=\"Escribe tu email\" value=\"\" type=\"email\" name=\"email\" \/><\/span>\n\t\t\t\t<\/p>\n\t\t\t<\/div>\n\t\t\t<div class=\"col-sm-4\">\n\t\t\t\t<p>Asunto<span class=\"wpcf7-form-control-wrap\" data-name=\"your-subject\"><input size=\"40\" class=\"wpcf7-form-control wpcf7-text\" aria-invalid=\"false\" placeholder=\"Asunto\" value=\"\" type=\"text\" name=\"your-subject\" \/><\/span>\n\t\t\t\t<\/p>\n\t\t\t<\/div>\n\t\t<\/div>\n\t\t<div class=\"row\">\n\t\t\t<div class=\"col-sm-4\">\n\t\t\t\t<p>Llegada <span class=\"wpcf7-form-control-wrap\" data-name=\"date-in\"><input class=\"wpcf7-form-control wpcf7-date wpcf7-validates-as-required wpcf7-validates-as-date\" aria-required=\"true\" aria-invalid=\"false\" placeholder=\"Fecha de entrada\" value=\"\" type=\"date\" name=\"date-in\" \/><\/span>\n\t\t\t\t<\/p>\n\t\t\t<\/div>\n\t\t\t<div class=\"col-sm-4\">\n\t\t\t\t<p>Salida <span class=\"wpcf7-form-control-wrap\" data-name=\"date-out\"><input class=\"wpcf7-form-control wpcf7-date wpcf7-validates-as-required wpcf7-validates-as-date\" aria-required=\"true\" aria-invalid=\"false\" placeholder=\"Fecha de salida\" value=\"\" type=\"date\" name=\"date-out\" \/><\/span>\n\t\t\t\t<\/p>\n\t\t\t<\/div>\n\t\t\t<div class=\"col-sm-4\">\n\t\t\t\t<p>Tel\u00e9fono <span class=\"wpcf7-form-control-wrap\" data-name=\"your-phone\"><input size=\"40\" class=\"wpcf7-form-control wpcf7-text\" aria-invalid=\"false\" value=\"Tel\u00e9fono de contacto\" type=\"text\" name=\"your-phone\" \/><\/span>\n\t\t\t\t<\/p>\n\t\t\t<\/div>\n\t\t<\/div>\n\t\t<div class=\"row\">\n\t\t\t<div class=\"col-sm-4\">\n\t\t\t\t<p>Tipo de alojamiento preferido <span class=\"wpcf7-form-control-wrap\" data-name=\"Tipodealojamiento\"><select class=\"wpcf7-form-control wpcf7-select\" aria-invalid=\"false\" name=\"Tipodealojamiento\"><option value=\"\">&#8212;Please choose an option&#8212;<\/option><option value=\"Casa integra\">Casa integra<\/option><option value=\"Habitaciones\">Habitaciones<\/option><option value=\"Casa completa con desayunos\/cenas\">Casa completa con desayunos\/cenas<\/option><\/select><\/span>\n\t\t\t\t<\/p>\n\t\t\t<\/div>\n\t\t\t<div class=\"col-sm-4\">\n\t\t\t\t<p>N\u00ba de adultos <span class=\"wpcf7-form-control-wrap\" data-name=\"personas\"><input size=\"40\" class=\"wpcf7-form-control wpcf7-text\" aria-invalid=\"false\" value=\"2\" type=\"text\" name=\"personas\" \/><\/span>\n\t\t\t\t<\/p>\n\t\t\t<\/div>\n\t\t\t<div class=\"col-sm-4\">\n\t\t\t\t<p>N\u00ba de ni\u00f1os<span class=\"wpcf7-form-control-wrap\" data-name=\"ninos\"><input size=\"40\" class=\"wpcf7-form-control wpcf7-text\" aria-invalid=\"false\" value=\"0\" type=\"text\" name=\"ninos\" \/><\/span>\n\t\t\t\t<\/p>\n\t\t\t<\/div>\n\t\t\t<div class=\"col-sm-4\">\n\t\t\t\t<p>Cuna<span class=\"wpcf7-form-control-wrap\" data-name=\"cuna\"><span class=\"wpcf7-form-control wpcf7-checkbox\"><span class=\"wpcf7-list-item first\"><input type=\"checkbox\" name=\"cuna[]\" value=\"Si\" \/><span class=\"wpcf7-list-item-label\">Si<\/span><\/span><span class=\"wpcf7-list-item last\"><input type=\"checkbox\" name=\"cuna[]\" value=\"No\" \/><span class=\"wpcf7-list-item-label\">No<\/span><\/span><\/span><\/span>\n\t\t\t\t<\/p>\n\t\t\t<\/div>\n\t\t\t<div class=\"col-sm-4\">\n\t\t\t\t<p>Mascota<span class=\"wpcf7-form-control-wrap\" data-name=\"mascota\"><span class=\"wpcf7-form-control wpcf7-checkbox\"><span class=\"wpcf7-list-item first\"><input type=\"checkbox\" name=\"mascota[]\" value=\"Si\" \/><span class=\"wpcf7-list-item-label\">Si<\/span><\/span><span class=\"wpcf7-list-item last\"><input type=\"checkbox\" name=\"mascota[]\" value=\"No\" \/><span class=\"wpcf7-list-item-label\">No<\/span><\/span><\/span><\/span>\n\t\t\t\t<\/p>\n\t\t\t<\/div>\n\t\t<\/div>\n\t\t<div class=\"row\">\n\t\t\t<div class=\"col-sm-12\">\n\t\t\t\t<p>Mensaje<span class=\"wpcf7-form-control-wrap\" data-name=\"your-message\"><textarea cols=\"40\" rows=\"10\" class=\"wpcf7-form-control wpcf7-textarea\" aria-invalid=\"false\" placeholder=\"Aqu\u00ed va tu mensaje, comenta tus preferencias: servicios, actividades, lugar, etc etc\" name=\"your-message\"><\/textarea><\/span>\n\t\t\t\t<\/p>\n\t\t\t<\/div>\n\t\t<\/div>\n\t\t<div class=\"row\">\n\t\t\t<div class=\"col-sm-12\">\n\t\t\t\t<p><span class=\"wpcf7-form-control-wrap\" data-name=\"acceptance-522\"><span class=\"wpcf7-form-control wpcf7-acceptance\"><span class=\"wpcf7-list-item\"><label><input type=\"checkbox\" name=\"acceptance-522\" value=\"1\" aria-invalid=\"false\" \/><span class=\"wpcf7-list-item-label\">Acepto la politica de privacidad de este sitio web<\/span><\/label><\/span><\/span><\/span>\n\t\t\t\t<\/p>\n\t\t\t<\/div>\n\t\t<\/div>\n\t\t<div class=\"row\">\n\t\t\t<div class=\"col-sm-12\">\n\t\t\t\t<p><input class=\"wpcf7-form-control has-spinner wpcf7-submit\" type=\"submit\" value=\"Enviar mensaje\" \/>\n\t\t\t\t<\/p>\n\t\t\t<\/div>\n\t\t<\/div>\n\t<\/div>\n<\/div><div class=\"wpcf7-response-output\" aria-hidden=\"true\"><\/div>\n<\/form>\n<\/div>\n[\/vc_column][\/vc_row]<\/p>\n","protected":false},"excerpt":{"rendered":"<p>[vc_row][vc_column][vc_empty_space height=\u00a0\u00bb80px\u00a0\u00bb][\/vc_column][\/vc_row][vc_row iw_layout=\u00a0\u00bbwide-bg\u00a0\u00bb][vc_column width=\u00a0\u00bb2\/5&Prime;]Informations de contactNous avons une large gamme d&rsquo;h\u00e9bergements dans la r\u00e9gion d&rsquo;Atapuerca &#8211; Burgos, laissez-nous vous expliquer, contactez-nous ou envoyez-nous un email. Vous recevrez une r\u00e9ponse dans les plus brefs d\u00e9lais.[\/vc_column][vc_column width=\u00a0\u00bb3\/5&Prime;]T\u00e9l\u00e9phone(+34) 610 564 147 (+34) 645 109 032 WhatsApp activo en los 2 n\u00famerosEmailinfo@atapuercarural.com[\/vc_column][\/vc_row][vc_row iw_layout=\u00a0\u00bbwide-bg\u00a0\u00bb css=\u00a0\u00bb.vc_custom_1614607412592{background-color: #f4f4f4 !important;}\u00a0\u00bb][vc_column]Formulaire de contact Nombre [&hellip;]<\/p>\n","protected":false},"author":1,"featured_media":0,"parent":0,"menu_order":7,"comment_status":"closed","ping_status":"closed","template":"page-templates\/full-with.php","meta":[],"yoast_head":"<!-- This site is optimized with the Yoast SEO plugin v21.1 - https:\/\/yoast.com\/wordpress\/plugins\/seo\/ -->\n<title>Contactar<\/title>\n<meta name=\"description\" content=\"[vc_row][vc_column][vc_empty_space height=&quot;80px&quot;][\/vc_column][\/vc_row][vc_row iw_layout=&quot;wide-bg&quot;][vc_column width=&quot;2\/5&quot;][inwave_heading style=&quot;style2&quot; title=&quot;Informations de contact&quot; description=&quot;Nous avons une large gamme d&#039;h\u00e9bergements dans la r\u00e9gion d&#039;Atapuerca - Burgos, laissez-nous vous expliquer, contactez-nous ou envoyez-nous un email. Vous recevrez une r\u00e9ponse dans les plus brefs d\u00e9lais.&quot;][\/vc_column][vc_column width=&quot;3\/5&quot;][inwave_contact_details title=&quot;&quot; description=&quot;&quot;][inwave_contact_item icon=&quot;ion-iphone&quot; title=&quot;T\u00e9l\u00e9phone&quot; description=&quot;JTI4JTJCMzQlMjklMjA2MTAlMjA1NjQlMjAxNDclMjAlM0MlMkZiciUzRSUyMCUyMCUyMCUyMCUyMCUyMCUyMCUwQSUyOCUyQjM0JTI5JTIwNjQ1JTIwMTA5JTIwMDMyJTIwJTNDJTJGYnIlM0UlMEFXaGF0c0FwcCUyMGFjdGl2byUyMGVuJTIwbG9zJTIwMiUyMG4lQzMlQkFtZXJvcw==&quot;][inwave_contact_item icon=&quot;ion-ios-email-outline&quot; title=&quot;Email&quot; description=&quot;aW5mbyU0MGF0YXB1ZXJjYXJ1cmFsLmNvbQ==&quot;][\/inwave_contact_details][\/vc_column][\/vc_row][vc_row iw_layout=&quot;wide-bg&quot; css=&quot;.vc_custom_1614607412592{background-color: #f4f4f4 !important;}&quot;][vc_column][inwave_heading title=&quot;Formulaire de contact&quot; align=&quot;center&quot; font_size_title=&quot;35px&quot;][contact-form-7&hellip;\" \/>\n<meta name=\"robots\" content=\"index, follow, max-snippet:-1, max-image-preview:large, max-video-preview:-1\" \/>\n<link rel=\"canonical\" href=\"https:\/\/www.atapuercarural.com\/contactar\/\" \/>\n<meta property=\"og:locale\" content=\"fr_FR\" \/>\n<meta property=\"og:type\" content=\"article\" \/>\n<meta property=\"og:title\" content=\"Contactar\" \/>\n<meta property=\"og:description\" content=\"[vc_row][vc_column][vc_empty_space height=&quot;80px&quot;][\/vc_column][\/vc_row][vc_row iw_layout=&quot;wide-bg&quot;][vc_column width=&quot;2\/5&quot;][inwave_heading style=&quot;style2&quot; title=&quot;Informations de contact&quot; description=&quot;Nous avons une large gamme d&#039;h\u00e9bergements dans la r\u00e9gion d&#039;Atapuerca - Burgos, laissez-nous vous expliquer, contactez-nous ou envoyez-nous un email. Vous recevrez une r\u00e9ponse dans les plus brefs d\u00e9lais.&quot;][\/vc_column][vc_column width=&quot;3\/5&quot;][inwave_contact_details title=&quot;&quot; description=&quot;&quot;][inwave_contact_item icon=&quot;ion-iphone&quot; title=&quot;T\u00e9l\u00e9phone&quot; description=&quot;JTI4JTJCMzQlMjklMjA2MTAlMjA1NjQlMjAxNDclMjAlM0MlMkZiciUzRSUyMCUyMCUyMCUyMCUyMCUyMCUyMCUwQSUyOCUyQjM0JTI5JTIwNjQ1JTIwMTA5JTIwMDMyJTIwJTNDJTJGYnIlM0UlMEFXaGF0c0FwcCUyMGFjdGl2byUyMGVuJTIwbG9zJTIwMiUyMG4lQzMlQkFtZXJvcw==&quot;][inwave_contact_item icon=&quot;ion-ios-email-outline&quot; title=&quot;Email&quot; description=&quot;aW5mbyU0MGF0YXB1ZXJjYXJ1cmFsLmNvbQ==&quot;][\/inwave_contact_details][\/vc_column][\/vc_row][vc_row iw_layout=&quot;wide-bg&quot; css=&quot;.vc_custom_1614607412592{background-color: #f4f4f4 !important;}&quot;][vc_column][inwave_heading title=&quot;Formulaire de contact&quot; align=&quot;center&quot; font_size_title=&quot;35px&quot;][contact-form-7&hellip;\" \/>\n<meta property=\"og:url\" content=\"https:\/\/www.atapuercarural.com\/contactar\/\" \/>\n<meta property=\"article:modified_time\" content=\"2021-03-01T14:12:32+00:00\" \/>\n<meta name=\"twitter:card\" content=\"summary_large_image\" \/>\n<meta name=\"twitter:label1\" content=\"Est. reading time\" \/>\n\t<meta name=\"twitter:data1\" content=\"1 minute\" \/>\n<script type=\"application\/ld+json\" class=\"yoast-schema-graph\">{\"@context\":\"https:\/\/schema.org\",\"@graph\":[{\"@type\":\"WebPage\",\"@id\":\"https:\/\/www.atapuercarural.com\/contactar\/\",\"url\":\"https:\/\/www.atapuercarural.com\/contactar\/\",\"name\":\"Contactar -\",\"isPartOf\":{\"@id\":\"https:\/\/www.atapuercarural.com\/#website\"},\"datePublished\":\"2016-07-07T02:23:07+00:00\",\"dateModified\":\"2021-03-01T14:12:32+00:00\",\"inLanguage\":\"fr-BE\",\"potentialAction\":[{\"@type\":\"ReadAction\",\"target\":[\"https:\/\/www.atapuercarural.com\/contactar\/\"]}]},{\"@type\":\"WebSite\",\"@id\":\"https:\/\/www.atapuercarural.com\/#website\",\"url\":\"https:\/\/www.atapuercarural.com\/\",\"name\":\"\",\"description\":\"Las mejores casas rurales para conocer Burgos, Atapuerca, el Camino de Santiago o disfrutar de la tranquilidad de peque\u00f1os pueblos a solo 20km de Burgos\",\"potentialAction\":[{\"@type\":\"SearchAction\",\"target\":{\"@type\":\"EntryPoint\",\"urlTemplate\":\"https:\/\/www.atapuercarural.com\/?s={search_term_string}\"},\"query-input\":\"required name=search_term_string\"}],\"inLanguage\":\"fr-BE\"}]}<\/script>\n<!-- \/ Yoast SEO plugin. -->","yoast_head_json":{"title":"Contactar","description":"[vc_row][vc_column][vc_empty_space height=\"80px\"][\/vc_column][\/vc_row][vc_row iw_layout=\"wide-bg\"][vc_column width=\"2\/5\"][inwave_heading style=\"style2\" title=\"Informations de contact\" description=\"Nous avons une large gamme d'h\u00e9bergements dans la r\u00e9gion d'Atapuerca - Burgos, laissez-nous vous expliquer, contactez-nous ou envoyez-nous un email. Vous recevrez une r\u00e9ponse dans les plus brefs d\u00e9lais.\"][\/vc_column][vc_column width=\"3\/5\"][inwave_contact_details title=\"\" description=\"\"][inwave_contact_item icon=\"ion-iphone\" title=\"T\u00e9l\u00e9phone\" description=\"JTI4JTJCMzQlMjklMjA2MTAlMjA1NjQlMjAxNDclMjAlM0MlMkZiciUzRSUyMCUyMCUyMCUyMCUyMCUyMCUyMCUwQSUyOCUyQjM0JTI5JTIwNjQ1JTIwMTA5JTIwMDMyJTIwJTNDJTJGYnIlM0UlMEFXaGF0c0FwcCUyMGFjdGl2byUyMGVuJTIwbG9zJTIwMiUyMG4lQzMlQkFtZXJvcw==\"][inwave_contact_item icon=\"ion-ios-email-outline\" title=\"Email\" description=\"aW5mbyU0MGF0YXB1ZXJjYXJ1cmFsLmNvbQ==\"][\/inwave_contact_details][\/vc_column][\/vc_row][vc_row iw_layout=\"wide-bg\" css=\".vc_custom_1614607412592{background-color: #f4f4f4 !important;}\"][vc_column][inwave_heading title=\"Formulaire de contact\" align=\"center\" font_size_title=\"35px\"][contact-form-7&hellip;","robots":{"index":"index","follow":"follow","max-snippet":"max-snippet:-1","max-image-preview":"max-image-preview:large","max-video-preview":"max-video-preview:-1"},"canonical":"https:\/\/www.atapuercarural.com\/contactar\/","og_locale":"fr_FR","og_type":"article","og_title":"Contactar","og_description":"[vc_row][vc_column][vc_empty_space height=\"80px\"][\/vc_column][\/vc_row][vc_row iw_layout=\"wide-bg\"][vc_column width=\"2\/5\"][inwave_heading style=\"style2\" title=\"Informations de contact\" description=\"Nous avons une large gamme d'h\u00e9bergements dans la r\u00e9gion d'Atapuerca - Burgos, laissez-nous vous expliquer, contactez-nous ou envoyez-nous un email. Vous recevrez une r\u00e9ponse dans les plus brefs d\u00e9lais.\"][\/vc_column][vc_column width=\"3\/5\"][inwave_contact_details title=\"\" description=\"\"][inwave_contact_item icon=\"ion-iphone\" title=\"T\u00e9l\u00e9phone\" description=\"JTI4JTJCMzQlMjklMjA2MTAlMjA1NjQlMjAxNDclMjAlM0MlMkZiciUzRSUyMCUyMCUyMCUyMCUyMCUyMCUyMCUwQSUyOCUyQjM0JTI5JTIwNjQ1JTIwMTA5JTIwMDMyJTIwJTNDJTJGYnIlM0UlMEFXaGF0c0FwcCUyMGFjdGl2byUyMGVuJTIwbG9zJTIwMiUyMG4lQzMlQkFtZXJvcw==\"][inwave_contact_item icon=\"ion-ios-email-outline\" title=\"Email\" description=\"aW5mbyU0MGF0YXB1ZXJjYXJ1cmFsLmNvbQ==\"][\/inwave_contact_details][\/vc_column][\/vc_row][vc_row iw_layout=\"wide-bg\" css=\".vc_custom_1614607412592{background-color: #f4f4f4 !important;}\"][vc_column][inwave_heading title=\"Formulaire de contact\" align=\"center\" font_size_title=\"35px\"][contact-form-7&hellip;","og_url":"https:\/\/www.atapuercarural.com\/contactar\/","article_modified_time":"2021-03-01T14:12:32+00:00","twitter_card":"summary_large_image","twitter_misc":{"Est. reading time":"1 minute"},"schema":{"@context":"https:\/\/schema.org","@graph":[{"@type":"WebPage","@id":"https:\/\/www.atapuercarural.com\/contactar\/","url":"https:\/\/www.atapuercarural.com\/contactar\/","name":"Contactar -","isPartOf":{"@id":"https:\/\/www.atapuercarural.com\/#website"},"datePublished":"2016-07-07T02:23:07+00:00","dateModified":"2021-03-01T14:12:32+00:00","inLanguage":"fr-BE","potentialAction":[{"@type":"ReadAction","target":["https:\/\/www.atapuercarural.com\/contactar\/"]}]},{"@type":"WebSite","@id":"https:\/\/www.atapuercarural.com\/#website","url":"https:\/\/www.atapuercarural.com\/","name":"","description":"Las mejores casas rurales para conocer Burgos, Atapuerca, el Camino de Santiago o disfrutar de la tranquilidad de peque\u00f1os pueblos a solo 20km de Burgos","potentialAction":[{"@type":"SearchAction","target":{"@type":"EntryPoint","urlTemplate":"https:\/\/www.atapuercarural.com\/?s={search_term_string}"},"query-input":"required name=search_term_string"}],"inLanguage":"fr-BE"}]}},"_links":{"self":[{"href":"https:\/\/www.atapuercarural.com\/wp-json\/wp\/v2\/pages\/376"}],"collection":[{"href":"https:\/\/www.atapuercarural.com\/wp-json\/wp\/v2\/pages"}],"about":[{"href":"https:\/\/www.atapuercarural.com\/wp-json\/wp\/v2\/types\/page"}],"author":[{"embeddable":true,"href":"https:\/\/www.atapuercarural.com\/wp-json\/wp\/v2\/users\/1"}],"replies":[{"embeddable":true,"href":"https:\/\/www.atapuercarural.com\/wp-json\/wp\/v2\/comments?post=376"}],"version-history":[{"count":38,"href":"https:\/\/www.atapuercarural.com\/wp-json\/wp\/v2\/pages\/376\/revisions"}],"predecessor-version":[{"id":2674,"href":"https:\/\/www.atapuercarural.com\/wp-json\/wp\/v2\/pages\/376\/revisions\/2674"}],"wp:attachment":[{"href":"https:\/\/www.atapuercarural.com\/wp-json\/wp\/v2\/media?parent=376"}],"curies":[{"name":"wp","href":"https:\/\/api.w.org\/{rel}","templated":true}]}}