{"id":18171,"date":"2023-08-14T18:36:24","date_gmt":"2023-08-14T18:36:24","guid":{"rendered":"https:\/\/www.atapuercarural.com\/product\/\/"},"modified":"2023-10-21T14:04:46","modified_gmt":"2023-10-21T14:04:46","slug":"downtown-burgos","status":"publish","type":"product","link":"https:\/\/www.atapuercarural.com\/%product-slug%\/downtown-burgos\/","title":{"rendered":"Downtown Burgos"},"content":{"rendered":"<div class=\"wpb_column vc_column_container vc_col-sm-3\/5\">\n<div class=\"vc_column-inner\">\n<div class=\"wpb_wrapper\">\n<div class=\"wpb_text_column wpb_content_element vc_custom_1574613046355\">\n<div class=\"wpb_wrapper\">\n<p>&nbsp;<\/p>\n<p style=\"text-align: center;\"><a href=\"http:\/\/www.pcamedida.net\/atapuerca\/contactar\/\">Contacta con nosotros para formalizar la reserva<\/a><\/p>\n<p>&nbsp;<\/p>\n<\/div>\n<p><strong>Tarifas 2023<\/strong><\/p>\n<p class=\"contentpasted1\"><span style=\"color: black;\">Apartamento completo hasta 9 plazas &#8211; 4 habitaciones 2 ba\u00f1os sal\u00f3n y cocina<\/span><\/p>\n<table style=\"width: 50%;\">\n<tbody>\n<tr>\n<td style=\"text-align: center;\"><strong>N\u00ba de noches<\/strong><\/td>\n<td style=\"text-align: center;\"><strong>Precio \/ Noche<\/strong><\/td>\n<\/tr>\n<tr>\n<td style=\"text-align: center;\">1<\/td>\n<td style=\"text-align: center;\">&#8211; \u20ac<\/td>\n<\/tr>\n<tr>\n<td style=\"text-align: center;\">2<\/td>\n<td style=\"text-align: center;\">225 \u20ac<\/td>\n<\/tr>\n<tr>\n<td style=\"text-align: center;\">3<\/td>\n<td style=\"text-align: center;\">214 \u20ac<\/td>\n<\/tr>\n<tr>\n<td style=\"text-align: center;\">4<\/td>\n<td style=\"text-align: center;\">203 \u20ac<\/td>\n<\/tr>\n<tr>\n<td style=\"text-align: center;\">5<\/td>\n<td style=\"text-align: center;\">193 \u20ac<\/td>\n<\/tr>\n<tr>\n<td style=\"text-align: center;\">6<\/td>\n<td style=\"text-align: center;\">183 \u20ac<\/td>\n<\/tr>\n<tr>\n<td style=\"text-align: center;\">7 o mas<\/td>\n<td style=\"text-align: center;\">174 \u20ac<\/td>\n<\/tr>\n<\/tbody>\n<\/table>\n<p class=\"contentpasted1\"><span style=\"color: black;\">Apartamento hasta 6-7 plazas &#8211; 3 habitaciones 2 ba\u00f1os salon y cocina<\/span><\/p>\n<table style=\"width: 50%;\">\n<tbody>\n<tr>\n<td style=\"text-align: center;\"><strong>N\u00ba de noches<\/strong><\/td>\n<td style=\"text-align: center;\"><strong>Precio \/ Noche<\/strong><\/td>\n<\/tr>\n<tr>\n<td style=\"text-align: center;\">1<\/td>\n<td style=\"text-align: center;\">&#8211; \u20ac<\/td>\n<\/tr>\n<tr>\n<td style=\"text-align: center;\">2<\/td>\n<td style=\"text-align: center;\">204 \u20ac<\/td>\n<\/tr>\n<tr>\n<td style=\"text-align: center;\">3<\/td>\n<td style=\"text-align: center;\">193 \u20ac<\/td>\n<\/tr>\n<tr>\n<td style=\"text-align: center;\">4<\/td>\n<td style=\"text-align: center;\">183 \u20ac<\/td>\n<\/tr>\n<tr>\n<td style=\"text-align: center;\">5<\/td>\n<td style=\"text-align: center;\">174 \u20ac<\/td>\n<\/tr>\n<tr>\n<td style=\"text-align: center;\">6<\/td>\n<td style=\"text-align: center;\">165 \u20ac<\/td>\n<\/tr>\n<tr>\n<td style=\"text-align: center;\">7 o mas<\/td>\n<td style=\"text-align: center;\">157 \u20ac<\/td>\n<\/tr>\n<\/tbody>\n<\/table>\n<p><span style=\"color: black;\">Apartamento hasta 4-5 plazas &#8211; 3 habitaciones 2 ba\u00f1os salon y cocina<\/span><\/p>\n<table style=\"width: 50%;\">\n<tbody>\n<tr>\n<td style=\"text-align: center;\"><strong>N\u00ba de noches<\/strong><\/td>\n<td style=\"text-align: center;\"><strong>Precio \/ Noche<\/strong><\/td>\n<\/tr>\n<tr>\n<td style=\"text-align: center;\">1<\/td>\n<td style=\"text-align: center;\">&#8211; \u20ac<\/td>\n<\/tr>\n<tr>\n<td style=\"text-align: center;\">2<\/td>\n<td style=\"text-align: center;\">161 \u20ac<\/td>\n<\/tr>\n<tr>\n<td style=\"text-align: center;\">3<\/td>\n<td style=\"text-align: center;\">153 \u20ac<\/td>\n<\/tr>\n<tr>\n<td style=\"text-align: center;\">4<\/td>\n<td style=\"text-align: center;\">146 \u20ac<\/td>\n<\/tr>\n<tr>\n<td style=\"text-align: center;\">5<\/td>\n<td style=\"text-align: center;\">139 \u20ac<\/td>\n<\/tr>\n<tr>\n<td style=\"text-align: center;\">6<\/td>\n<td style=\"text-align: center;\">133 \u20ac<\/td>\n<\/tr>\n<tr>\n<td style=\"text-align: center;\">7 o mas<\/td>\n<td style=\"text-align: center;\">127 \u20ac<\/td>\n<\/tr>\n<\/tbody>\n<\/table>\n<p class=\"contentpasted1\"><span style=\"color: black;\">Apartamento hasta 4-5 plazas &#8211; 2 habitaciones 2 ba\u00f1os salon y cocina<\/span><\/p>\n<table style=\"width: 50%;\">\n<tbody>\n<tr>\n<td><strong>N\u00ba de noches<\/strong><\/td>\n<td><strong>Precio \/ Noche<\/strong><\/td>\n<\/tr>\n<tr>\n<td>1<\/td>\n<td>&#8211; \u20ac<\/td>\n<\/tr>\n<tr>\n<td>2<\/td>\n<td>147 \u20ac<\/td>\n<\/tr>\n<tr>\n<td>3<\/td>\n<td>140 \u20ac<\/td>\n<\/tr>\n<tr>\n<td>4<\/td>\n<td>133 \u20ac<\/td>\n<\/tr>\n<tr>\n<td>5<\/td>\n<td>127 \u20ac<\/td>\n<\/tr>\n<tr>\n<td>6<\/td>\n<td>121 \u20ac<\/td>\n<\/tr>\n<tr>\n<td>7 o mas<\/td>\n<td>116 \u20ac<\/td>\n<\/tr>\n<\/tbody>\n<\/table>\n<p class=\"contentpasted1\">Apartamento hasta 4-5 plazas &#8211; 2 habitaciones 1 ba\u00f1o salon y cocina<\/p>\n<table style=\"width: 50%;\">\n<tbody>\n<tr>\n<td><strong>N\u00ba de noches<\/strong><\/td>\n<td><strong>Precio \/ Noche<\/strong><\/td>\n<\/tr>\n<tr>\n<td>1<\/td>\n<td>&#8211; \u20ac<\/td>\n<\/tr>\n<tr>\n<td>2<\/td>\n<td>135 \u20ac<\/td>\n<\/tr>\n<tr>\n<td>3<\/td>\n<td>128 \u20ac<\/td>\n<\/tr>\n<tr>\n<td>4<\/td>\n<td>122 \u20ac<\/td>\n<\/tr>\n<tr>\n<td>5<\/td>\n<td>116 \u20ac<\/td>\n<\/tr>\n<tr>\n<td>6<\/td>\n<td>111 \u20ac<\/td>\n<\/tr>\n<tr>\n<td>7 o mas<\/td>\n<td>106 \u20ac<\/td>\n<\/tr>\n<\/tbody>\n<\/table>\n<p class=\"contentpasted1\">Apartamento hasta 1-3 plazas &#8211; 1 habitacion 1 ba\u00f1o salon y cocina<\/p>\n<table style=\"width: 50%;\">\n<tbody>\n<tr>\n<td><strong>N\u00ba de noches<\/strong><\/td>\n<td><strong>Precio \/ Noche<\/strong><\/td>\n<\/tr>\n<tr>\n<td>1<\/td>\n<td>&#8211; \u20ac<\/td>\n<\/tr>\n<tr>\n<td>2<\/td>\n<td>80 \u20ac<\/td>\n<\/tr>\n<tr>\n<td>3<\/td>\n<td>76 \u20ac<\/td>\n<\/tr>\n<tr>\n<td>4<\/td>\n<td>72 \u20ac<\/td>\n<\/tr>\n<tr>\n<td>5<\/td>\n<td>68 \u20ac<\/td>\n<\/tr>\n<tr>\n<td>6<\/td>\n<td>65 \u20ac<\/td>\n<\/tr>\n<tr>\n<td>7 o mas<\/td>\n<td>62 \u20ac<\/td>\n<\/tr>\n<\/tbody>\n<\/table>\n<\/div>\n<p>&nbsp;<\/p>\n<\/div>\n<p><strong>Politica de anulacion<\/strong><\/p>\n<ul>\n<li>Si la reserva se anula 10 o menos d\u00edas antes de la fecha de entrada, no se devuelve el importe de la reserva<\/li>\n<li>Si la reserva se anula de 30 a 10 d\u00edas antes de la fecha de entrada, se devuelve el 50% del importe de la reserva<\/li>\n<li>Si la reserva se anula a m\u00e1s de 30 de la fecha de entrada, se devuelve el 90% del importe de la reserva<\/li>\n<\/ul>\n<\/div>\n<\/div>\n","protected":false},"excerpt":{"rendered":"<p>Aqu\u00ed puedes reservar nuestro piso tur\u00edstico en Burgos. Elige las fechas y comprueba el precio en la tabla inferior. Ahora solo pagaras la cuota de reserva que despues funcionara como fianza y se os devolvera por transferencia bancaria o Bizzum despues de vuestra salida. El precio del alquiler se paga en la entrada a la casa.<\/p>\n<p>&nbsp;<\/p>\n","protected":false},"featured_media":18140,"template":"","meta":[],"product_cat":[137],"product_tag":[],"yoast_head":"<!-- This site is optimized with the Yoast SEO plugin v21.1 - https:\/\/yoast.com\/wordpress\/plugins\/seo\/ -->\n<title>Downtown Burgos<\/title>\n<meta name=\"description\" content=\"Aqu\u00ed puedes reservar nuestro piso tur\u00edstico en Burgos. Elige las fechas y comprueba el precio en la tabla inferior. Ahora solo pagaras la cuota de reserva que despues funcionara como fianza y se os devolvera por transferencia bancaria o Bizzum despues de vuestra salida. El precio del alquiler se paga en la entrada a la casa.  &nbsp;\" \/>\n<meta name=\"robots\" content=\"index, follow, max-snippet:-1, max-image-preview:large, max-video-preview:-1\" \/>\n<link rel=\"canonical\" href=\"https:\/\/www.atapuercarural.com\/%product-slug%\/downtown-burgos\/\" \/>\n<meta property=\"og:locale\" content=\"fr_FR\" \/>\n<meta property=\"og:type\" content=\"article\" \/>\n<meta property=\"og:title\" content=\"Downtown Burgos\" \/>\n<meta property=\"og:description\" content=\"Aqu\u00ed puedes reservar nuestro piso tur\u00edstico en Burgos. Elige las fechas y comprueba el precio en la tabla inferior. Ahora solo pagaras la cuota de reserva que despues funcionara como fianza y se os devolvera por transferencia bancaria o Bizzum despues de vuestra salida. El precio del alquiler se paga en la entrada a la casa.  &nbsp;\" \/>\n<meta property=\"og:url\" content=\"https:\/\/www.atapuercarural.com\/%product-slug%\/downtown-burgos\/\" \/>\n<meta property=\"article:modified_time\" content=\"2023-10-21T14:04:46+00:00\" \/>\n<meta property=\"og:image\" content=\"https:\/\/www.atapuercarural.com\/wp-content\/uploads\/2023\/06\/IMG_20230404_181335-scaled.jpg\" \/>\n\t<meta property=\"og:image:width\" content=\"2560\" \/>\n\t<meta property=\"og:image:height\" content=\"1920\" \/>\n\t<meta property=\"og:image:type\" content=\"image\/jpeg\" \/>\n<meta name=\"twitter:card\" content=\"summary_large_image\" \/>\n<meta name=\"twitter:label1\" content=\"Dur\u00e9e de lecture est.\" \/>\n\t<meta name=\"twitter:data1\" content=\"2 minutes\" \/>\n<script type=\"application\/ld+json\" class=\"yoast-schema-graph\">{\"@context\":\"https:\/\/schema.org\",\"@graph\":[{\"@type\":\"WebPage\",\"@id\":\"https:\/\/www.atapuercarural.com\/%product-slug%\/downtown-burgos\/\",\"url\":\"https:\/\/www.atapuercarural.com\/%product-slug%\/downtown-burgos\/\",\"name\":\"Downtown Burgos -\",\"isPartOf\":{\"@id\":\"https:\/\/www.atapuercarural.com\/#website\"},\"datePublished\":\"2023-08-14T18:36:24+00:00\",\"dateModified\":\"2023-10-21T14:04:46+00:00\",\"breadcrumb\":{\"@id\":\"https:\/\/www.atapuercarural.com\/%product-slug%\/downtown-burgos\/#breadcrumb\"},\"inLanguage\":\"fr-BE\",\"potentialAction\":[{\"@type\":\"ReadAction\",\"target\":[\"https:\/\/www.atapuercarural.com\/%product-slug%\/downtown-burgos\/\"]}]},{\"@type\":\"BreadcrumbList\",\"@id\":\"https:\/\/www.atapuercarural.com\/%product-slug%\/downtown-burgos\/#breadcrumb\",\"itemListElement\":[{\"@type\":\"ListItem\",\"position\":1,\"name\":\"Tienda\",\"item\":\"https:\/\/www.atapuercarural.com\/tienda\/\"},{\"@type\":\"ListItem\",\"position\":2,\"name\":\"Downtown Burgos\"}]},{\"@type\":\"WebSite\",\"@id\":\"https:\/\/www.atapuercarural.com\/#website\",\"url\":\"https:\/\/www.atapuercarural.com\/\",\"name\":\"\",\"description\":\"Les meilleures maisons rurales pour conna\u00eetre Burgos, Atapuerca, le Camino de Santiago ou profiter de la tranquillit\u00e9 des petites villes \u00e0 seulement 20 km de Burgos\",\"potentialAction\":[{\"@type\":\"SearchAction\",\"target\":{\"@type\":\"EntryPoint\",\"urlTemplate\":\"https:\/\/www.atapuercarural.com\/?s={search_term_string}\"},\"query-input\":\"required name=search_term_string\"}],\"inLanguage\":\"fr-BE\"}]}<\/script>\n<!-- \/ Yoast SEO plugin. -->","yoast_head_json":{"title":"Downtown Burgos","description":"Aqu\u00ed puedes reservar nuestro piso tur\u00edstico en Burgos. Elige las fechas y comprueba el precio en la tabla inferior. Ahora solo pagaras la cuota de reserva que despues funcionara como fianza y se os devolvera por transferencia bancaria o Bizzum despues de vuestra salida. El precio del alquiler se paga en la entrada a la casa.  &nbsp;","robots":{"index":"index","follow":"follow","max-snippet":"max-snippet:-1","max-image-preview":"max-image-preview:large","max-video-preview":"max-video-preview:-1"},"canonical":"https:\/\/www.atapuercarural.com\/%product-slug%\/downtown-burgos\/","og_locale":"fr_FR","og_type":"article","og_title":"Downtown Burgos","og_description":"Aqu\u00ed puedes reservar nuestro piso tur\u00edstico en Burgos. Elige las fechas y comprueba el precio en la tabla inferior. Ahora solo pagaras la cuota de reserva que despues funcionara como fianza y se os devolvera por transferencia bancaria o Bizzum despues de vuestra salida. El precio del alquiler se paga en la entrada a la casa.  &nbsp;","og_url":"https:\/\/www.atapuercarural.com\/%product-slug%\/downtown-burgos\/","article_modified_time":"2023-10-21T14:04:46+00:00","og_image":[{"width":2560,"height":1920,"url":"https:\/\/www.atapuercarural.com\/wp-content\/uploads\/2023\/06\/IMG_20230404_181335-scaled.jpg","type":"image\/jpeg"}],"twitter_card":"summary_large_image","twitter_misc":{"Dur\u00e9e de lecture est.":"2 minutes"},"schema":{"@context":"https:\/\/schema.org","@graph":[{"@type":"WebPage","@id":"https:\/\/www.atapuercarural.com\/%product-slug%\/downtown-burgos\/","url":"https:\/\/www.atapuercarural.com\/%product-slug%\/downtown-burgos\/","name":"Downtown Burgos -","isPartOf":{"@id":"https:\/\/www.atapuercarural.com\/#website"},"datePublished":"2023-08-14T18:36:24+00:00","dateModified":"2023-10-21T14:04:46+00:00","breadcrumb":{"@id":"https:\/\/www.atapuercarural.com\/%product-slug%\/downtown-burgos\/#breadcrumb"},"inLanguage":"fr-BE","potentialAction":[{"@type":"ReadAction","target":["https:\/\/www.atapuercarural.com\/%product-slug%\/downtown-burgos\/"]}]},{"@type":"BreadcrumbList","@id":"https:\/\/www.atapuercarural.com\/%product-slug%\/downtown-burgos\/#breadcrumb","itemListElement":[{"@type":"ListItem","position":1,"name":"Tienda","item":"https:\/\/www.atapuercarural.com\/tienda\/"},{"@type":"ListItem","position":2,"name":"Downtown Burgos"}]},{"@type":"WebSite","@id":"https:\/\/www.atapuercarural.com\/#website","url":"https:\/\/www.atapuercarural.com\/","name":"","description":"Les meilleures maisons rurales pour conna\u00eetre Burgos, Atapuerca, le Camino de Santiago ou profiter de la tranquillit\u00e9 des petites villes \u00e0 seulement 20 km de Burgos","potentialAction":[{"@type":"SearchAction","target":{"@type":"EntryPoint","urlTemplate":"https:\/\/www.atapuercarural.com\/?s={search_term_string}"},"query-input":"required name=search_term_string"}],"inLanguage":"fr-BE"}]}},"_links":{"self":[{"href":"https:\/\/www.atapuercarural.com\/wp-json\/wp\/v2\/product\/18171"}],"collection":[{"href":"https:\/\/www.atapuercarural.com\/wp-json\/wp\/v2\/product"}],"about":[{"href":"https:\/\/www.atapuercarural.com\/wp-json\/wp\/v2\/types\/product"}],"wp:featuredmedia":[{"embeddable":true,"href":"https:\/\/www.atapuercarural.com\/wp-json\/wp\/v2\/media\/18140"}],"wp:attachment":[{"href":"https:\/\/www.atapuercarural.com\/wp-json\/wp\/v2\/media?parent=18171"}],"wp:term":[{"taxonomy":"product_cat","embeddable":true,"href":"https:\/\/www.atapuercarural.com\/wp-json\/wp\/v2\/product_cat?post=18171"},{"taxonomy":"product_tag","embeddable":true,"href":"https:\/\/www.atapuercarural.com\/wp-json\/wp\/v2\/product_tag?post=18171"}],"curies":[{"name":"wp","href":"https:\/\/api.w.org\/{rel}","templated":true}]}}