{"id":3149,"date":"2021-03-06T13:34:16","date_gmt":"2021-03-06T13:34:16","guid":{"rendered":"https:\/\/www.atapuercarural.com\/?post_type=product&#038;p=3149"},"modified":"2023-11-27T18:53:29","modified_gmt":"2023-11-27T18:53:29","slug":"casa-rural-los-nomadas-de-atapuerca","status":"publish","type":"product","link":"https:\/\/www.atapuercarural.com\/%product-slug%\/casa-rural-los-nomadas-de-atapuerca\/","title":{"rendered":"Casa Rural Los N\u00f3madas de Atapuerca"},"content":{"rendered":"<div class=\"wpb_column vc_column_container vc_col-sm-3\/5\">\n<div class=\"vc_column-inner\">\n<div class=\"wpb_wrapper\">\n<div class=\"wpb_text_column wpb_content_element vc_custom_1574613046355\">\n<div class=\"wpb_wrapper\">\n<p><strong>Informaci\u00f3n adicional<\/strong><\/p>\n<p>Nos podemos encargar de reservaros la plaza para la visita de los Yacimientos de Atapuerca y Parque arqueol\u00f3gico, tambi\u00e9n para Paleol\u00edtico vivo y las minas de hierro de Olmos de Atapuerca<\/p>\n<p style=\"text-align: center;\"><a href=\"http:\/\/www.pcamedida.net\/atapuerca\/contactar\/\">Contacta con nosotros para formalizar la reserva<\/a><\/p>\n<p><strong>Politica de anulacion<\/strong><\/p>\n<ul>\n<li>Si la reserva se anula 10 o menos d\u00edas antes de la fecha de entrada, no se devuelve el importe de la reserva<\/li>\n<li>Si la reserva se anula de 30 a 10 d\u00edas antes de la fecha de entrada, se devuelve el 50% del importe de la reserva<\/li>\n<li>Si la reserva se anula a m\u00e1s de 30 de la fecha de entrada, se devuelve el 90% del importe de la reserva<\/li>\n<\/ul>\n<\/div>\n<\/div>\n<\/div>\n<\/div>\n<\/div>\n","protected":false},"excerpt":{"rendered":"<p>Aqui puedes reservar la casa Los N\u00f3madas de Atapuerca.\u00a0Elige las fechas y comprueba el precio en la tabla inferior.\u00a0Ahora solo pagaras la cuota de reserva que despues funcionara como fianza y se os devolvera por transferencia bancaria o Bizzum despues de vuestra salida. El precio del alquiler se paga en la entrada a la casa.<\/p>\n<p><strong>Tarifas 2023<\/strong><\/p>\n<table>\n<tbody>\n<tr>\n<td><strong>N\u00ba de noches<\/strong><\/td>\n<td><strong>Precio \/ Noche<\/strong><\/td>\n<\/tr>\n<tr>\n<td>1<\/td>\n<td>260 \u20ac<\/td>\n<\/tr>\n<tr>\n<td>2<\/td>\n<td>225 \u20ac<\/td>\n<\/tr>\n<tr>\n<td>3<\/td>\n<td>213 \u20ac<\/td>\n<\/tr>\n<tr>\n<td>4<\/td>\n<td>202 \u20ac<\/td>\n<\/tr>\n<tr>\n<td>5<\/td>\n<td>192 \u20ac<\/td>\n<\/tr>\n<tr>\n<td>6<\/td>\n<td>182 \u20ac<\/td>\n<\/tr>\n<tr>\n<td>7 y m\u00e1s<\/td>\n<td>173 \u20ac<\/td>\n<\/tr>\n<\/tbody>\n<\/table>\n<p>&nbsp;<\/p>\n","protected":false},"featured_media":1905,"template":"","meta":[],"product_cat":[137],"product_tag":[],"yoast_head":"<!-- This site is optimized with the Yoast SEO plugin v21.1 - https:\/\/yoast.com\/wordpress\/plugins\/seo\/ -->\n<title>Casa Rural Los N\u00f3madas de Atapuerca<\/title>\n<meta name=\"description\" content=\"Aqui puedes reservar la casa Los N\u00f3madas de Atapuerca.\u00a0Elige las fechas y comprueba el precio en la tabla inferior.\u00a0Ahora solo pagaras la cuota de reserva que despues funcionara como fianza y se os devolvera por transferencia bancaria o Bizzum despues de vuestra salida. El precio del alquiler se paga en la entrada a la casa.  Tarifas 2023    N\u00ba de noches Precio \/ Noche   1 260 \u20ac   2 225 \u20ac   3 213 \u20ac   4 202 \u20ac   5 192 \u20ac   6 182 \u20ac   7 y m\u00e1s 173 \u20ac    &nbsp;\" \/>\n<meta name=\"robots\" content=\"index, follow, max-snippet:-1, max-image-preview:large, max-video-preview:-1\" \/>\n<link rel=\"canonical\" href=\"https:\/\/www.atapuercarural.com\/%product-slug%\/casa-rural-los-nomadas-de-atapuerca\/\" \/>\n<meta property=\"og:locale\" content=\"fr_FR\" \/>\n<meta property=\"og:type\" content=\"article\" \/>\n<meta property=\"og:title\" content=\"Casa Rural Los N\u00f3madas de Atapuerca\" \/>\n<meta property=\"og:description\" content=\"Aqui puedes reservar la casa Los N\u00f3madas de Atapuerca.\u00a0Elige las fechas y comprueba el precio en la tabla inferior.\u00a0Ahora solo pagaras la cuota de reserva que despues funcionara como fianza y se os devolvera por transferencia bancaria o Bizzum despues de vuestra salida. El precio del alquiler se paga en la entrada a la casa.  Tarifas 2023    N\u00ba de noches Precio \/ Noche   1 260 \u20ac   2 225 \u20ac   3 213 \u20ac   4 202 \u20ac   5 192 \u20ac   6 182 \u20ac   7 y m\u00e1s 173 \u20ac    &nbsp;\" \/>\n<meta property=\"og:url\" content=\"https:\/\/www.atapuercarural.com\/%product-slug%\/casa-rural-los-nomadas-de-atapuerca\/\" \/>\n<meta property=\"article:modified_time\" content=\"2023-11-27T18:53:29+00:00\" \/>\n<meta property=\"og:image\" content=\"https:\/\/www.atapuercarural.com\/wp-content\/uploads\/2019\/11\/Cocina.jpg\" \/>\n\t<meta property=\"og:image:width\" content=\"843\" \/>\n\t<meta property=\"og:image:height\" content=\"632\" \/>\n\t<meta property=\"og:image:type\" content=\"image\/jpeg\" \/>\n<meta name=\"twitter:card\" content=\"summary_large_image\" \/>\n<meta name=\"twitter:label1\" content=\"Dur\u00e9e de lecture est.\" \/>\n\t<meta name=\"twitter:data1\" content=\"1 minute\" \/>\n<script type=\"application\/ld+json\" class=\"yoast-schema-graph\">{\"@context\":\"https:\/\/schema.org\",\"@graph\":[{\"@type\":\"WebPage\",\"@id\":\"https:\/\/www.atapuercarural.com\/%product-slug%\/casa-rural-los-nomadas-de-atapuerca\/\",\"url\":\"https:\/\/www.atapuercarural.com\/%product-slug%\/casa-rural-los-nomadas-de-atapuerca\/\",\"name\":\"Casa Rural Los N\u00f3madas de Atapuerca -\",\"isPartOf\":{\"@id\":\"https:\/\/www.atapuercarural.com\/#website\"},\"datePublished\":\"2021-03-06T13:34:16+00:00\",\"dateModified\":\"2023-11-27T18:53:29+00:00\",\"breadcrumb\":{\"@id\":\"https:\/\/www.atapuercarural.com\/%product-slug%\/casa-rural-los-nomadas-de-atapuerca\/#breadcrumb\"},\"inLanguage\":\"fr-BE\",\"potentialAction\":[{\"@type\":\"ReadAction\",\"target\":[\"https:\/\/www.atapuercarural.com\/%product-slug%\/casa-rural-los-nomadas-de-atapuerca\/\"]}]},{\"@type\":\"BreadcrumbList\",\"@id\":\"https:\/\/www.atapuercarural.com\/%product-slug%\/casa-rural-los-nomadas-de-atapuerca\/#breadcrumb\",\"itemListElement\":[{\"@type\":\"ListItem\",\"position\":1,\"name\":\"Tienda\",\"item\":\"https:\/\/www.atapuercarural.com\/tienda\/\"},{\"@type\":\"ListItem\",\"position\":2,\"name\":\"Casa Rural Los N\u00f3madas de Atapuerca\"}]},{\"@type\":\"WebSite\",\"@id\":\"https:\/\/www.atapuercarural.com\/#website\",\"url\":\"https:\/\/www.atapuercarural.com\/\",\"name\":\"\",\"description\":\"Les meilleures maisons rurales pour conna\u00eetre Burgos, Atapuerca, le Camino de Santiago ou profiter de la tranquillit\u00e9 des petites villes \u00e0 seulement 20 km de Burgos\",\"potentialAction\":[{\"@type\":\"SearchAction\",\"target\":{\"@type\":\"EntryPoint\",\"urlTemplate\":\"https:\/\/www.atapuercarural.com\/?s={search_term_string}\"},\"query-input\":\"required name=search_term_string\"}],\"inLanguage\":\"fr-BE\"}]}<\/script>\n<!-- \/ Yoast SEO plugin. -->","yoast_head_json":{"title":"Casa Rural Los N\u00f3madas de Atapuerca","description":"Aqui puedes reservar la casa Los N\u00f3madas de Atapuerca.\u00a0Elige las fechas y comprueba el precio en la tabla inferior.\u00a0Ahora solo pagaras la cuota de reserva que despues funcionara como fianza y se os devolvera por transferencia bancaria o Bizzum despues de vuestra salida. El precio del alquiler se paga en la entrada a la casa.  Tarifas 2023    N\u00ba de noches Precio \/ Noche   1 260 \u20ac   2 225 \u20ac   3 213 \u20ac   4 202 \u20ac   5 192 \u20ac   6 182 \u20ac   7 y m\u00e1s 173 \u20ac    &nbsp;","robots":{"index":"index","follow":"follow","max-snippet":"max-snippet:-1","max-image-preview":"max-image-preview:large","max-video-preview":"max-video-preview:-1"},"canonical":"https:\/\/www.atapuercarural.com\/%product-slug%\/casa-rural-los-nomadas-de-atapuerca\/","og_locale":"fr_FR","og_type":"article","og_title":"Casa Rural Los N\u00f3madas de Atapuerca","og_description":"Aqui puedes reservar la casa Los N\u00f3madas de Atapuerca.\u00a0Elige las fechas y comprueba el precio en la tabla inferior.\u00a0Ahora solo pagaras la cuota de reserva que despues funcionara como fianza y se os devolvera por transferencia bancaria o Bizzum despues de vuestra salida. El precio del alquiler se paga en la entrada a la casa.  Tarifas 2023    N\u00ba de noches Precio \/ Noche   1 260 \u20ac   2 225 \u20ac   3 213 \u20ac   4 202 \u20ac   5 192 \u20ac   6 182 \u20ac   7 y m\u00e1s 173 \u20ac    &nbsp;","og_url":"https:\/\/www.atapuercarural.com\/%product-slug%\/casa-rural-los-nomadas-de-atapuerca\/","article_modified_time":"2023-11-27T18:53:29+00:00","og_image":[{"width":843,"height":632,"url":"https:\/\/www.atapuercarural.com\/wp-content\/uploads\/2019\/11\/Cocina.jpg","type":"image\/jpeg"}],"twitter_card":"summary_large_image","twitter_misc":{"Dur\u00e9e de lecture est.":"1 minute"},"schema":{"@context":"https:\/\/schema.org","@graph":[{"@type":"WebPage","@id":"https:\/\/www.atapuercarural.com\/%product-slug%\/casa-rural-los-nomadas-de-atapuerca\/","url":"https:\/\/www.atapuercarural.com\/%product-slug%\/casa-rural-los-nomadas-de-atapuerca\/","name":"Casa Rural Los N\u00f3madas de Atapuerca -","isPartOf":{"@id":"https:\/\/www.atapuercarural.com\/#website"},"datePublished":"2021-03-06T13:34:16+00:00","dateModified":"2023-11-27T18:53:29+00:00","breadcrumb":{"@id":"https:\/\/www.atapuercarural.com\/%product-slug%\/casa-rural-los-nomadas-de-atapuerca\/#breadcrumb"},"inLanguage":"fr-BE","potentialAction":[{"@type":"ReadAction","target":["https:\/\/www.atapuercarural.com\/%product-slug%\/casa-rural-los-nomadas-de-atapuerca\/"]}]},{"@type":"BreadcrumbList","@id":"https:\/\/www.atapuercarural.com\/%product-slug%\/casa-rural-los-nomadas-de-atapuerca\/#breadcrumb","itemListElement":[{"@type":"ListItem","position":1,"name":"Tienda","item":"https:\/\/www.atapuercarural.com\/tienda\/"},{"@type":"ListItem","position":2,"name":"Casa Rural Los N\u00f3madas de Atapuerca"}]},{"@type":"WebSite","@id":"https:\/\/www.atapuercarural.com\/#website","url":"https:\/\/www.atapuercarural.com\/","name":"","description":"Les meilleures maisons rurales pour conna\u00eetre Burgos, Atapuerca, le Camino de Santiago ou profiter de la tranquillit\u00e9 des petites villes \u00e0 seulement 20 km de Burgos","potentialAction":[{"@type":"SearchAction","target":{"@type":"EntryPoint","urlTemplate":"https:\/\/www.atapuercarural.com\/?s={search_term_string}"},"query-input":"required name=search_term_string"}],"inLanguage":"fr-BE"}]}},"_links":{"self":[{"href":"https:\/\/www.atapuercarural.com\/wp-json\/wp\/v2\/product\/3149"}],"collection":[{"href":"https:\/\/www.atapuercarural.com\/wp-json\/wp\/v2\/product"}],"about":[{"href":"https:\/\/www.atapuercarural.com\/wp-json\/wp\/v2\/types\/product"}],"wp:featuredmedia":[{"embeddable":true,"href":"https:\/\/www.atapuercarural.com\/wp-json\/wp\/v2\/media\/1905"}],"wp:attachment":[{"href":"https:\/\/www.atapuercarural.com\/wp-json\/wp\/v2\/media?parent=3149"}],"wp:term":[{"taxonomy":"product_cat","embeddable":true,"href":"https:\/\/www.atapuercarural.com\/wp-json\/wp\/v2\/product_cat?post=3149"},{"taxonomy":"product_tag","embeddable":true,"href":"https:\/\/www.atapuercarural.com\/wp-json\/wp\/v2\/product_tag?post=3149"}],"curies":[{"name":"wp","href":"https:\/\/api.w.org\/{rel}","templated":true}]}}